{"id":3684,"date":"2023-06-13T18:46:43","date_gmt":"2023-06-13T16:46:43","guid":{"rendered":"https:\/\/www.genesi-srl.com\/?page_id=3684"},"modified":"2023-12-08T16:46:41","modified_gmt":"2023-12-08T15:46:41","slug":"case-study","status":"publish","type":"page","link":"https:\/\/www.genesi-srl.com\/it\/case-study\/","title":{"rendered":"Case Study"},"content":{"rendered":"<aside id=\"view_case_study-2\" class=\"widget widget_view_case_study amr_widget\"><h3 class=\"widget-title\">View CASE STUDY<\/h3>\n  <div id=\"blockCaseStudy\">\n    <div class=\"container\">\n      <div>\n        <div id=\"block-customhomediconodinoi\" class=\"ndDiconoDiNoi\">  \n          <div class=\"caseStudyWrapper\" id=\"caseStudy\">\n\n            <div id=\"diconoSlider\">\n\n              <div class=\"nodeWrapper\">\n                <div class=\"nodeImage\">\n                  <div>\n                    <div>\n                      <a href=\"https:\/\/www.genesi-srl.com\/wp-content\/uploads\/2023\/06\/Gnc01n10_it_DBT_abstract.pdf\" target=\"_blank\">\n                        <img decoding=\"async\" src=\"https:\/\/www.genesi-srl.com\/wp-content\/uploads\/2023\/06\/SkillUP_220x220_DB_Tecnologico.png\" alt=\"Case Study &#8220;Database Tecnologico&#8221;\" loading=\"lazy\">\n                      <\/a>\n                    <\/div>\n                  <\/div>\n                <\/div>\n                <div class=\"nodeTitle\">\n                  <h3>Case Study &#8220;Database Tecnologico&#8221;<\/h3>\n                <\/div>\n                <div class=\"nodeBody\">\n                  <p>Questo Case Study fornisce una descrizione sintetica delle problematiche affrontate con SkillUp in un Progetto a livello aziendale relativo alla realizzazione di un Database Tecnologico come strumento di supporto, valutazione e controllo degli impatti degli sviluppi del sistema informativo aziendale.<\/p>\n<h4>Scopo<\/h4>\n<p>Definizione e alimentazione valori su un Database Tecnologico contenente le informazioni principali relative a Programmi \/ Files \/ Campi utilizzati nelle varie Procedure aziendali per avere uno strumento di supporto, valutazione e controllo degli impatti degli sviluppi informatici. La rilevazione delle entit\u00e0 presenti nel sistema informativo e soprattutto dei legami tra i vari oggetti fornisce un supporto molto utile per la valutazione, definizione e realizzazione dei progetti aziendali.<\/p>\n<h4>Contesto<\/h4>\n<p>Gruppo industriale multinazionale che produce vari marchi di prodotti con diffusione a livello mondiale.<br \/>\nIl gruppo segue tutte le fasi del ciclo produttivo (progettazione, realizzazione, collaudo, acquisti materie prime e semilavorati, lavorazioni esterne, magazzini, gestione rete commerciale, gestione marketing, distribuzione prodotti punti vendita, gestione rete assistenza, ecc.) utilizzando pi\u00f9 Sistemi\u00a0AS400 (noti anche come\u00a0iSeries, System i, IBM i, IBM Power Systems)<\/p>\n<h4>Problematiche<\/h4>\n<p>Le informazioni dei vari settori e delle varie aziende sono gestite su diversi Sistemi e quindi per una pi\u00f9 completa e corretta Gestione dei vari Progetti di sviluppo software \u00e8 sorta la necessit\u00e0 di avere una visione di insieme delle informazioni \u201ccross\u201d sui vari Sistemi del Gruppo. Ad esempio nel caso di esigenze di sviluppi riguardanti informazioni di identificazione di documenti amministrativi \u00e8 necessario poter individuare tutti i Files e i Programmi coinvolti presenti sui vari Sistemi.<\/p>\n<h4>Criticit\u00e0<\/h4>\n<p>La stessa informazione \u00e8 definita o identificata in modi diversi sui vari Sistemi rendendo complessa l\u2019individuazione delle correlazioni e propagazione delle informazioni tra i Files \/ Programmi presenti sui vari Sistemi.<br \/>\nRicerca e individuazione della corretta correlazione tra gli Oggetti e i relativi Sorgenti in modo tale da garantire la corretta mappatura delle informazioni sul nuovo Database.<\/p>\n<h4>Realizzazione<\/h4>\n<p>Lo sviluppo del progetto consiste nell\u2019individuazione di tutti gli oggetti presenti nei sistemi (programmi, archivi, viste logiche, aree dati, ecc.) attraverso una scansione di tutti i sorgenti e con l\u2019individuazione dei legami di \u201cpropagazione\u201d delle informazioni tra archivi \/ programmi, programmi \/ programmi e programmi \/ archivi.<\/p>\n<p>Inoltre deve essere gestita la mappatura delle stesse informazioni presenti su sistemi diversi con diversa nomenclatura o tipologia di dato e le relative relazioni tra oggetti.<\/p>\n<p><img loading=\"lazy\" decoding=\"async\" class=\"size-full wp-image-3627 aligncenter\" src=\"https:\/\/www.genesi-srl.com\/wp-content\/uploads\/2023\/06\/CodeLineMark_374x240.png\" alt=\"\" width=\"374\" height=\"240\" srcset=\"https:\/\/www.genesi-srl.com\/wp-content\/uploads\/2023\/06\/CodeLineMark_374x240.png 374w, https:\/\/www.genesi-srl.com\/wp-content\/uploads\/2023\/06\/CodeLineMark_374x240-300x193.png 300w\" sizes=\"auto, (max-width: 374px) 100vw, 374px\" \/><\/p>\n<h4>Conclusioni<\/h4>\n<p>L&#8217;approccio adottato per il Progetto, basato sullo sviluppo e sull&#8217;utilizzo di strumenti automatici per l&#8217;individuazione e la memorizzazione delle informazioni da analizzare, ha consentito di ottenere una visione globale, da un punto di vista informatico, delle aziende del Gruppo industriale, che altrimenti sarebbe stato difficile avere.<br \/>\nQuesto ha permesso di avere gli elementi per poter prevedere gli impatti e pianificare le attivit\u00e0 in relazione alle informazioni coinvolte nei vari Progetti informatici.<\/p>\n                <\/div>\n                <div class=\"nodeLink\">\n                  <a href=\"https:\/\/www.genesi-srl.com\/wp-content\/uploads\/2023\/06\/Gnc01n10_it_DBT_abstract.pdf\" target=\"_blank\">\n                    <span class=\"h5\"><strong>Scopri di pi\u00f9...<\/strong><\/span>\n                  <\/a>\n                <\/div>\n              <\/div>\n              <div class=\"nodeWrapper\">\n                <div class=\"nodeImage\">\n                  <div>\n                    <div>\n                      <a href=\"https:\/\/www.genesi-srl.com\/wp-content\/uploads\/2023\/06\/Gnc01n10_it_CLF_abstract.pdf\" target=\"_blank\">\n                        <img decoding=\"async\" src=\"https:\/\/www.genesi-srl.com\/wp-content\/uploads\/2023\/06\/SkillUP_220x220_clienti_fornitori.png\" alt=\"Case Study Codifica Clienti e Fornitori\" loading=\"lazy\">\n                      <\/a>\n                    <\/div>\n                  <\/div>\n                <\/div>\n                <div class=\"nodeTitle\">\n                  <h3>Case Study Codifica Clienti e Fornitori<\/h3>\n                <\/div>\n                <div class=\"nodeBody\">\n                  <p>Questo Case Study fornisce una descrizione sintetica delle problematiche affrontate con SkillUP in un Progetto a livello aziendale relativo alla completa revisione delle codifiche dei Clienti e Fornitori su tutto il sistema informativo aziendale.<\/p>\n<h4>Scopo del Progetto<\/h4>\n<p>Adeguamento Archivi e Programmi per variazione della codifica dei Codici Clienti e Fornitori, sia a livello di formato che di valori, in seguito all\u2019adozione di nuovi pacchetti software e interfacce con sistemi esterni.<\/p>\n<h4>Contesto<\/h4>\n<p>Azienda che opera su mercati a livello Worldwide, con esigenze di interfacciare i propri sistemi con Fornitori e Clienti in rapida evoluzione.<br \/>\nL\u2019esigenza di interfacciare nuovi software e sistemi esterni ha generato la necessit\u00e0 di adeguare i sistemi esistenti, realizzati su\u00a0Piattaforma AS400 (nota anche come\u00a0iSeries, System i, IBM i, IBM Power Systems), per consentire di interfacciarsi con nuovi applicativi adottati in azienda e con sistemi esterni sempre pi\u00f9 utilizzati e importanti per il business aziendale.<\/p>\n<h4>Problematiche<\/h4>\n<p>La rapida crescita aziendale su mercati internazionali ha reso imperativo e urgente l\u2019adeguamento dei sistemi aziendali per potersi interfacciare con nuovi applicativi adottati in azienda e con sistemi esterni sempre pi\u00f9 utilizzati e integrati con il business aziendale.<br \/>\nTra le esigenze emerse un aspetto rilevante \u00e8 stato costituito dalla necessit\u00e0 di adeguare le Codifiche Clienti e Fornitori, sia a livello di formato che di valori previsti e introducendo concetti di alias nelle codifiche per rendere flessibile l\u2019integrazione con altri sistemi.<\/p>\n<h4>Criticit\u00e0<\/h4>\n<p>La grande mole di Files e Programmi coinvolti (diverse migliaia), unita alla necessit\u00e0 di mantenere l&#8217;operativit\u00e0 24\/7, hanno costretto ad adottare un approccio di realizzazione in diversi Lotti di attivazione distribuiti nell&#8217;arco di pochi mesi, in modo da non creare problemi ai processi di Business.<br \/>\nL&#8217;attivit\u00e0 Progettuale \u00e8 stata svolta durante le normali attivit\u00e0 di gestione e aggiornamento dei Programmi realizzate dagli altri Team di sviluppo: quindi si \u00e8 reso necessario gestire frequentemente l&#8217;aggiornamento (refresh) delle versioni dei Sorgenti coinvolti nelle modifiche.<br \/>\nIn diversi casi sono sorte incertezze sul corretto abbinamento tra Sorgenti e relativi Oggetti: questo aspetto \u00e8 stato gestito con particolare attenzione per prevenire problemi derivanti dall\u2019utilizzo di Sorgenti \u201cdisallineati\u201d.<br \/>\nIdentificazione delle entit\u00e0 coinvolte nel Progetto: poich\u00e9 le informazioni coinvolte nelle modifiche erano presenti in molti Files e \u201cpropagate\u201d dai Programmi in molti altri Programmi e Files, la fase di corretta identificazione di tutti i Campi, Variabili, Programmi e Files coinvolti \u00e8 stata di particolare importanza.<\/p>\n<h4>Realizzazione<\/h4>\n<p>Lo sviluppo del progetto consistite nell\u2019individuazione di tutti i punti di intervento nei programmi \/ archivi \/ viste logiche \/ aree dati \/ ecc. attraverso una scansione di tutti i sorgenti che considera tutti i legami di \u201cpropagazione\u201d delle informazioni.<br \/>\nPer un Campo da modificare su un Archivio si pu\u00f2 propagare la necessit\u00e0 di intervento su numerosi altri Campi \/ Archivi \/ Programmi in relazione alle elaborazioni effettuate, vedi fig. \u201cSchema Ricerca Legami\u201d:<\/p>\n<p><img loading=\"lazy\" decoding=\"async\" class=\"size-full wp-image-3625 aligncenter\" src=\"https:\/\/www.genesi-srl.com\/wp-content\/uploads\/2023\/06\/SchemaRicercaLegami_413x278.png\" alt=\"\" width=\"413\" height=\"278\" srcset=\"https:\/\/www.genesi-srl.com\/wp-content\/uploads\/2023\/06\/SchemaRicercaLegami_413x278.png 413w, https:\/\/www.genesi-srl.com\/wp-content\/uploads\/2023\/06\/SchemaRicercaLegami_413x278-300x202.png 300w, https:\/\/www.genesi-srl.com\/wp-content\/uploads\/2023\/06\/SchemaRicercaLegami_413x278-370x250.png 370w\" sizes=\"auto, (max-width: 413px) 100vw, 413px\" \/><\/p>\n<p>&nbsp;<\/p>\n<p>Molto spesso i punti di intervento sono numerosi (dell\u2019ordine delle migliaia) e l\u2019utilizzo di strumenti automatici \/ semiautomatici riduce enormemente i tempi ed i rischi di errore.<br \/>\nIn relazione ai punti di intervento individuati e alle regole di intervento decise in fase progettuale, vengono realizzati strumenti ad hoc che apportano automaticamente correzioni ai Sorgenti (Strutture Dati, File Fisici, File Logici, File di Visualizzazione, File di Stampa, Programmi, &#8230;) per la stragrande maggioranza dei casi \u201cstandard\u201d (riconducibili a regole predefinite di intervento) e che, nel caso di situazioni non \u201cstandard\u201d, vengono indicate, su appositi Files di Log e con \u201cTag\u201d inseriti nei sorgenti, le evidenze degli interventi manuali di verifica e correzioni necessarie.<br \/>\nNel corso del progetto vengono predisposti vari Ambienti di Sviluppo \/ Test propedeutici ai successivi \u201cunit test\u201d e \u201cintegration test\u201d (con coinvolgimento degli Utenti). Vengono inoltre predisposti ed eseguiti numerosi \u201cstress test\u201d per forzare l&#8217;elaborazione degli Oggetti modificati in modo da verificare il corretto funzionamento delle versioni modificate degli oggetti coinvolti.<\/p>\n<h4>Conclusioni<\/h4>\n<p>L&#8217;approccio adottato per il Progetto, basato sullo sviluppo e sull&#8217;utilizzo di strumenti automatici per l&#8217;individuazione dei punti di intervento e per la loro esecuzione automatica e semi-automatica, consente di completare in pochi mesi un&#8217;attivit\u00e0 che, con approccio non strutturato, comporterebbe tempi e risorse molto pi\u00f9 rilevanti.<br \/>\nLe principali caratteristiche dei risultati ottenuti sono:<\/p>\n<ul>\n<li><strong>Tempi ridotti<\/strong><\/li>\n<li><strong>Costi ridotti<\/strong><\/li>\n<li><strong>Probabilit\u00e0 di errore ridotta in modo significativo<\/strong>: l&#8217;utilizzo di strumenti automatici riduce decisamente le probabilit\u00e0 di errore dovute alla grossa mole di interventi che avrebbero sicuramente sofferto degli inevitabili &#8220;typing error&#8221; umani<\/li>\n<li><strong>Tracciabilit\u00e0 delle modifiche<\/strong>: l&#8217;utilizzo di strumenti automatici ha l\u2019ulteriore vantaggio di poter tracciare con precisione le modifiche apportate, sia dal punto di vista di rilevazione statistica che dal punto di vista dell&#8217;evidenza di situazioni problematiche ricorrenti che possono suggerire linee guida da seguire da parte del Team di sviluppo.<\/li>\n<\/ul>\n                <\/div>\n                <div class=\"nodeLink\">\n                  <a href=\"https:\/\/www.genesi-srl.com\/wp-content\/uploads\/2023\/06\/Gnc01n10_it_CLF_abstract.pdf\" target=\"_blank\">\n                    <span class=\"h5\"><strong>Scopri di pi\u00f9...<\/strong><\/span>\n                  <\/a>\n                <\/div>\n              <\/div>\n              <div class=\"nodeWrapper\">\n                <div class=\"nodeImage\">\n                  <div>\n                    <div>\n                      <a href=\"https:\/\/www.genesi-srl.com\/wp-content\/uploads\/2023\/06\/Gnc01n10_it_MVS_abstract.pdf\" target=\"_blank\">\n                        <img decoding=\"async\" src=\"https:\/\/www.genesi-srl.com\/wp-content\/uploads\/2023\/06\/SkillUP_220x220_Multisocieta.png\" alt=\"Case Study MultiValuta e MultiSocietario\" loading=\"lazy\">\n                      <\/a>\n                    <\/div>\n                  <\/div>\n                <\/div>\n                <div class=\"nodeTitle\">\n                  <h3>Case Study MultiValuta e MultiSocietario<\/h3>\n                <\/div>\n                <div class=\"nodeBody\">\n                  <p>Questo Case Study fornisce una descrizione sintetica delle problematiche affrontate con SkillUp in un Progetto a livello aziendale relativo alla completa revisione del Sistema Informativo aziendale su Piattaforma AS400 (nota anche come\u00a0iSeries, System i, IBM i, IBM Power Systems), per l\u2019adozione di transazioni con importi multivaluta in seguito all\u2019apertura dell\u2019azienda sui mercati internazionali.<\/p>\n<h4>Scopo<\/h4>\n<p>Adeguamento Sistema Informativo aziendale per l\u2019Introduzione della gestione Multivaluta per tutti gli Importi presenti e della gestione dei criteri di cambio da adottare in seguito all\u2019apertura dell\u2019azienda sui mercati internazionali. La gestione delle diverse valute utilizzate nei vari processi ha comportato anche la gestione della memorizzazione dei tassi di cambio da utilizzare con varie date di riferimento, in relazione alle date di effettivo completamento delle transazioni.<\/p>\n<h4>Contesto<\/h4>\n<p>Gruppo Editoriale a livello nazionale italiano che, in seguito ad acquisizione da parte di un gruppo multinazionale, si \u00e8 trovato a dover operare su pi\u00f9 mercati.<\/p>\n<h4>Problematiche<\/h4>\n<p>La presenza di campi numerici interi senza una valuta di riferimento non permetteva una gestione analoga a quella prevista dalle altre societ\u00e0 del gruppo per cui \u00e8 stato necessario introdurre la gestione multivaluta.<br \/>\nQuesto ha comportato la modifica dei Campi Importo esistenti per prevedere i decimali, oltre all\u2019introduzione dei Campi Valuta e Cambio di riferimento e data relativa.<\/p>\n<h4>Criticit\u00e0<\/h4>\n<p>Le informazioni coinvolte nella nuova gestione multivaluta, in molti casi erano utilizzate all\u2019interno di calcoli che richiedevano valutazioni specifiche caso per caso nei criteri di adeguamento da adottare.<br \/>\nInoltre in questo progetto, a differenza di altri relativi a interventi sul formato e codifica dei valori, \u00e8 presente una complessit\u00e0 ulteriore legata al fatto che l\u2019introduzione della gestione della valuta implica che in molti punti di gestione degli importi, oltre all\u2019adeguamento del formato dei campi, occorre ricavare il cambio da applicare e memorizzare l\u2019informazione del cambio valido al momento della transazione.<br \/>\nVerifica del corretto abbinamento tra Sorgenti e Oggetti in esecuzione nell&#8217;ambiente di Produzione: questo aspetto \u00e8 stato gestito con particolare attenzione per prevenire problemi derivanti dall\u2019utilizzo di Sorgenti \u201cdisallineati\u201d.<\/p>\n<h4>Realizzazione<\/h4>\n<p>Lo sviluppo del progetto consistite nell\u2019individuazione di tutti i punti di intervento nei programmi \/ archivi \/ viste logiche \/ aree dati \/ ecc. attraverso una scansione di tutti i sorgenti che considera tutti i legami di \u201cpropagazione\u201d delle informazioni.<br \/>\nPer un Campo da modificare su un Archivio si pu\u00f2 propagare la necessit\u00e0 di intervento su numerosi altri Campi \/ Archivi \/ Programmi in relazione alle elaborazioni effettuate, vedi fig. \u201cSchema Ricerca Legami\u201d:<\/p>\n<p><img loading=\"lazy\" decoding=\"async\" class=\"size-full wp-image-3625 aligncenter\" src=\"https:\/\/www.genesi-srl.com\/wp-content\/uploads\/2023\/06\/SchemaRicercaLegami_413x278.png\" alt=\"\" width=\"413\" height=\"278\" srcset=\"https:\/\/www.genesi-srl.com\/wp-content\/uploads\/2023\/06\/SchemaRicercaLegami_413x278.png 413w, https:\/\/www.genesi-srl.com\/wp-content\/uploads\/2023\/06\/SchemaRicercaLegami_413x278-300x202.png 300w, https:\/\/www.genesi-srl.com\/wp-content\/uploads\/2023\/06\/SchemaRicercaLegami_413x278-370x250.png 370w\" sizes=\"auto, (max-width: 413px) 100vw, 413px\" \/><\/p>\n<p>Molto spesso i punti di intervento sono numerosi (dell\u2019ordine delle migliaia) e l\u2019utilizzo di strumenti automatici \/ semiautomatici riduce enormemente i tempi e i rischi di errore.<br \/>\nIn relazione ai punti di intervento individuati e alle regole di intervento decise in fase progettuale, vengono realizzati strumenti ad hoc che apportano automaticamente correzioni ai Sorgenti (Strutture Dati, File Fisici, File Logici, File di Visualizzazione, File di Stampa, Programmi, &#8230;) per la stragrande maggioranza dei casi &#8220;standard&#8221; (riconducibili a regole predefinite di intervento) e che, nel caso di situazioni \u201cnon standard&#8221;, vengono indicate, su appositi Files di Log e con \u201cTag\u201d inseriti nei sorgenti, le evidenze degli interventi manuali di verifica e correzioni necessarie.<br \/>\nIn questo progetto, in relazione alle criticit\u00e0 sopra esposte, questo aspetto (situazioni \u201cnon standard&#8221;) ha avuto una particolare rilevanza e impatto sia nella fase di definizione delle regole che nella gestione delle eccezioni incontrate nello sviluppo.<br \/>\nNel corso del progetto vengono predisposti vari Ambienti di Sviluppo \/ Test propedeutici ai successivi \u201cunit test\u201d e \u201cintegration test\u201d (con coinvolgimento degli Utenti). Vengono inoltre predisposti ed eseguiti numerosi \u201cstress test\u201d per forzare l&#8217;elaborazione degli Oggetti modificati in modo da verificare il corretto funzionamento delle versioni modificate degli oggetti coinvolti.<\/p>\n<h4>Conclusioni<\/h4>\n<p>L&#8217;approccio adottato per il Progetto, basato sullo sviluppo e sull&#8217;utilizzo di strumenti automatici, ha consentito in tempi contenuti e con una affidabilit\u00e0 elevata il completamento dell\u2019adeguamento del Sistema informativo alla presenza di pi\u00f9 Valute.<br \/>\nL\u2019affidabilit\u00e0 del risultato ottenuto \u00e8 sicuramente maggiore di quanto si sarebbe ottenuto con interventi tradizionali, senza strumenti automatici, coinvolgendo un numero maggiore di risorse e per maggior tempo.<br \/>\nInoltre \u00e8 stato possibile dedicare maggior tempo delle risorse del progetto per gestire gli interventi ad-hoc necessari nei punti \u201ccritici\u201d evidenziati dai Tools di analisi automatici in quanto tutti gli aspetti automatizzabili non hanno richiesto intervento \u201cumano\u201d.<\/p>\n                <\/div>\n                <div class=\"nodeLink\">\n                  <a href=\"https:\/\/www.genesi-srl.com\/wp-content\/uploads\/2023\/06\/Gnc01n10_it_MVS_abstract.pdf\" target=\"_blank\">\n                    <span class=\"h5\"><strong>Scopri di pi\u00f9...<\/strong><\/span>\n                  <\/a>\n                <\/div>\n              <\/div>\n\n            <\/div>\n          <\/div>\n        <\/div>\n      <\/div>\n    <\/div>\n  <\/div>\n\n<\/aside>\n","protected":false},"excerpt":{"rendered":"","protected":false},"author":1,"featured_media":0,"parent":0,"menu_order":0,"comment_status":"closed","ping_status":"closed","template":"","meta":{"inline_featured_image":false,"_kadence_starter_templates_imported_post":false,"_kad_post_transparent":"","_kad_post_title":"","_kad_post_layout":"","_kad_post_sidebar_id":"","_kad_post_content_style":"","_kad_post_vertical_padding":"","_kad_post_feature":"","_kad_post_feature_position":"","_kad_post_header":false,"_kad_post_footer":false,"_kad_post_classname":"","footnotes":""},"class_list":["post-3684","page","type-page","status-publish","hentry"],"_links":{"self":[{"href":"https:\/\/www.genesi-srl.com\/it\/wp-json\/wp\/v2\/pages\/3684","targetHints":{"allow":["GET"]}}],"collection":[{"href":"https:\/\/www.genesi-srl.com\/it\/wp-json\/wp\/v2\/pages"}],"about":[{"href":"https:\/\/www.genesi-srl.com\/it\/wp-json\/wp\/v2\/types\/page"}],"author":[{"embeddable":true,"href":"https:\/\/www.genesi-srl.com\/it\/wp-json\/wp\/v2\/users\/1"}],"replies":[{"embeddable":true,"href":"https:\/\/www.genesi-srl.com\/it\/wp-json\/wp\/v2\/comments?post=3684"}],"version-history":[{"count":2,"href":"https:\/\/www.genesi-srl.com\/it\/wp-json\/wp\/v2\/pages\/3684\/revisions"}],"predecessor-version":[{"id":3737,"href":"https:\/\/www.genesi-srl.com\/it\/wp-json\/wp\/v2\/pages\/3684\/revisions\/3737"}],"wp:attachment":[{"href":"https:\/\/www.genesi-srl.com\/it\/wp-json\/wp\/v2\/media?parent=3684"}],"curies":[{"name":"wp","href":"https:\/\/api.w.org\/{rel}","templated":true}]}}